{"id":639,"date":"2025-08-06T11:07:21","date_gmt":"2025-08-06T11:07:21","guid":{"rendered":"https:\/\/detectordeia.es\/?page_id=639","raw":"https:\/\/detectordeia.es\/?page_id=639"},"modified":"2025-08-06T11:07:21","modified_gmt":"2025-08-06T11:07:21","slug":"home","status":"publish","type":"page","link":"https:\/\/detectordeia.es\/","title":{"rendered":"Inicio","raw":"Inicio"},"content":{"rendered":"","protected":false,"raw":""},"excerpt":{"rendered":"","protected":false,"raw":""},"author":1,"featured_media":0,"parent":0,"menu_order":0,"comment_status":"closed","ping_status":"closed","template":"","meta":{"_yoast_wpseo_title":"Detector de IA para detetar conte\u00fado artificial ao instante","_yoast_wpseo_metadesc":"Analisa e deteta texto gerado por IA com o Detector de IA. Obt\u00e9m relat\u00f3rios detalhados e dete\u00e7\u00e3o precisa em segundos para garantir a autenticidade do seu conte\u00fado.","_locale":"pt_PT","_original_post":"https:\/\/plagcheck.com\/?page_id=24","footnotes":""},"class_list":["post-639","page","type-page","status-publish","hentry","pt-PT"],"yoast_head":"<!-- This site is optimized with the Yoast SEO plugin v27.5 - https:\/\/yoast.com\/product\/yoast-seo-wordpress\/ -->\n<title>Detector de IA para detetar conte\u00fado artificial ao instante<\/title>\n<meta name=\"description\" content=\"Analisa e deteta texto gerado por IA com o Detector de IA. Obt\u00e9m relat\u00f3rios detalhados e dete\u00e7\u00e3o precisa em segundos para garantir a autenticidade do seu conte\u00fado.\" \/>\n<meta name=\"robots\" content=\"index, follow, max-snippet:-1, max-image-preview:large, max-video-preview:-1\" \/>\n<link rel=\"canonical\" href=\"https:\/\/detectordeia.es\/pt\/\" \/>\n<meta property=\"og:locale\" content=\"pt_PT\" \/>\n<meta property=\"og:type\" content=\"article\" \/>\n<meta property=\"og:title\" content=\"Detector de IA para detetar conte\u00fado artificial ao instante\" \/>\n<meta property=\"og:description\" content=\"Analisa e deteta texto gerado por IA com o Detector de IA. Obt\u00e9m relat\u00f3rios detalhados e dete\u00e7\u00e3o precisa em segundos para garantir a autenticidade do seu conte\u00fado.\" \/>\n<meta property=\"og:url\" content=\"https:\/\/detectordeia.es\/pt\/\" \/>\n<meta property=\"og:site_name\" content=\"DetectordeIA.es\" \/>\n<meta name=\"twitter:card\" content=\"summary_large_image\" \/>\n<!-- \/ Yoast SEO plugin. -->","yoast_head_json":{"title":"Detector de IA para detetar conte\u00fado artificial ao instante","description":"Analisa e deteta texto gerado por IA com o Detector de IA. Obt\u00e9m relat\u00f3rios detalhados e dete\u00e7\u00e3o precisa em segundos para garantir a autenticidade do seu conte\u00fado.","robots":{"index":"index","follow":"follow","max-snippet":"max-snippet:-1","max-image-preview":"max-image-preview:large","max-video-preview":"max-video-preview:-1"},"canonical":"https:\/\/detectordeia.es\/pt\/","og_locale":"pt_PT","og_type":"article","og_title":"Detector de IA para detetar conte\u00fado artificial ao instante","og_description":"Analisa e deteta texto gerado por IA com o Detector de IA. Obt\u00e9m relat\u00f3rios detalhados e dete\u00e7\u00e3o precisa em segundos para garantir a autenticidade do seu conte\u00fado.","og_url":"https:\/\/detectordeia.es\/pt\/","og_site_name":"DetectordeIA.es","twitter_card":"summary_large_image","schema":{"@context":"https:\/\/schema.org","@graph":[{"@type":"WebPage","@id":"https:\/\/detectordeia.es\/pt\/","url":"https:\/\/detectordeia.es\/pt\/","name":"Detector de IA para detetar conte\u00fado artificial ao instante","isPartOf":{"@id":"https:\/\/detectordeia.es\/#website"},"datePublished":"2025-08-06T11:07:21+00:00","description":"Analisa e deteta texto gerado por IA com o Detector de IA. Obt\u00e9m relat\u00f3rios detalhados e dete\u00e7\u00e3o precisa em segundos para garantir a autenticidade do seu conte\u00fado.","breadcrumb":{"@id":"https:\/\/detectordeia.es\/pt\/#breadcrumb"},"inLanguage":"pt-PT","potentialAction":[{"@type":"ReadAction","target":["https:\/\/detectordeia.es\/pt\/"]}]},{"@type":"BreadcrumbList","@id":"https:\/\/detectordeia.es\/pt\/#breadcrumb","itemListElement":[{"@type":"ListItem","position":1,"name":"Home","item":"https:\/\/detectordeia.es\/pt\/"},{"@type":"ListItem","position":2,"name":"Inicio"}]},{"@type":"WebSite","@id":"https:\/\/detectordeia.es\/#website","url":"https:\/\/detectordeia.es\/","name":"DetectordeIA.es","description":"","potentialAction":[{"@type":"SearchAction","target":{"@type":"EntryPoint","urlTemplate":"https:\/\/detectordeia.es\/?s={search_term_string}"},"query-input":{"@type":"PropertyValueSpecification","valueRequired":true,"valueName":"search_term_string"}}],"inLanguage":"pt-PT"}]}},"_links":{"self":[{"href":"https:\/\/detectordeia.es\/wp-json\/wp\/v2\/pages\/639","targetHints":{"allow":["GET"]}}],"collection":[{"href":"https:\/\/detectordeia.es\/wp-json\/wp\/v2\/pages"}],"about":[{"href":"https:\/\/detectordeia.es\/wp-json\/wp\/v2\/types\/page"}],"author":[{"embeddable":true,"href":"https:\/\/detectordeia.es\/wp-json\/wp\/v2\/users\/1"}],"replies":[{"embeddable":true,"href":"https:\/\/detectordeia.es\/wp-json\/wp\/v2\/comments?post=639"}],"version-history":[{"count":2,"href":"https:\/\/detectordeia.es\/wp-json\/wp\/v2\/pages\/639\/revisions"}],"predecessor-version":[{"id":671,"href":"https:\/\/detectordeia.es\/wp-json\/wp\/v2\/pages\/639\/revisions\/671"}],"wp:attachment":[{"href":"https:\/\/detectordeia.es\/wp-json\/wp\/v2\/media?parent=639"}],"curies":[{"name":"wp","href":"https:\/\/api.w.org\/{rel}","templated":true}]}}