{"id":643,"date":"2025-08-06T11:05:12","date_gmt":"2025-08-06T11:05:12","guid":{"rendered":"https:\/\/detectordeia.es\/?page_id=643","raw":"https:\/\/detectordeia.es\/?page_id=643"},"modified":"2025-08-06T11:05:12","modified_gmt":"2025-08-06T11:05:12","slug":"contacto","status":"publish","type":"page","link":"https:\/\/detectordeia.es\/pt\/contacto\/","title":{"rendered":"Contacto","raw":"Contacto"},"content":{"rendered":"","protected":false,"raw":""},"excerpt":{"rendered":"","protected":false,"raw":""},"author":1,"featured_media":0,"parent":0,"menu_order":0,"comment_status":"closed","ping_status":"closed","template":"","meta":{"_yoast_wpseo_title":"Contacto | Detector de IA \u2013 Soporte e assist\u00eancia","_yoast_wpseo_metadesc":"Contacte a equipa do Detector de IA para resolver d\u00favidas sobre dete\u00e7\u00e3o de pl\u00e1gio e conte\u00fado gerado por IA. Assist\u00eancia r\u00e1pida e profissional.","_locale":"pt_PT","_original_post":"https:\/\/plagcheck.com\/?page_id=11","footnotes":""},"class_list":["post-643","page","type-page","status-publish","hentry","pt-PT"],"yoast_head":"<!-- This site is optimized with the Yoast SEO plugin v27.5 - https:\/\/yoast.com\/product\/yoast-seo-wordpress\/ -->\n<title>Contacto | Detector de IA \u2013 Soporte e assist\u00eancia<\/title>\n<meta name=\"description\" content=\"Contacte a equipa do Detector de IA para resolver d\u00favidas sobre dete\u00e7\u00e3o de pl\u00e1gio e conte\u00fado gerado por IA. Assist\u00eancia r\u00e1pida e profissional.\" \/>\n<meta name=\"robots\" content=\"index, follow, max-snippet:-1, max-image-preview:large, max-video-preview:-1\" \/>\n<link rel=\"canonical\" href=\"https:\/\/detectordeia.es\/pt\/contacto\/\" \/>\n<meta property=\"og:locale\" content=\"pt_PT\" \/>\n<meta property=\"og:type\" content=\"article\" \/>\n<meta property=\"og:title\" content=\"Contacto | Detector de IA \u2013 Soporte e assist\u00eancia\" \/>\n<meta property=\"og:description\" content=\"Contacte a equipa do Detector de IA para resolver d\u00favidas sobre dete\u00e7\u00e3o de pl\u00e1gio e conte\u00fado gerado por IA. Assist\u00eancia r\u00e1pida e profissional.\" \/>\n<meta property=\"og:url\" content=\"https:\/\/detectordeia.es\/pt\/contacto\/\" \/>\n<meta property=\"og:site_name\" content=\"DetectordeIA.es\" \/>\n<meta name=\"twitter:card\" content=\"summary_large_image\" \/>\n<!-- \/ Yoast SEO plugin. -->","yoast_head_json":{"title":"Contacto | Detector de IA \u2013 Soporte e assist\u00eancia","description":"Contacte a equipa do Detector de IA para resolver d\u00favidas sobre dete\u00e7\u00e3o de pl\u00e1gio e conte\u00fado gerado por IA. Assist\u00eancia r\u00e1pida e profissional.","robots":{"index":"index","follow":"follow","max-snippet":"max-snippet:-1","max-image-preview":"max-image-preview:large","max-video-preview":"max-video-preview:-1"},"canonical":"https:\/\/detectordeia.es\/pt\/contacto\/","og_locale":"pt_PT","og_type":"article","og_title":"Contacto | Detector de IA \u2013 Soporte e assist\u00eancia","og_description":"Contacte a equipa do Detector de IA para resolver d\u00favidas sobre dete\u00e7\u00e3o de pl\u00e1gio e conte\u00fado gerado por IA. Assist\u00eancia r\u00e1pida e profissional.","og_url":"https:\/\/detectordeia.es\/pt\/contacto\/","og_site_name":"DetectordeIA.es","twitter_card":"summary_large_image","schema":{"@context":"https:\/\/schema.org","@graph":[{"@type":"WebPage","@id":"https:\/\/detectordeia.es\/pt\/contacto\/","url":"https:\/\/detectordeia.es\/pt\/contacto\/","name":"Contacto | Detector de IA \u2013 Soporte e assist\u00eancia","isPartOf":{"@id":"https:\/\/detectordeia.es\/#website"},"datePublished":"2025-08-06T11:05:12+00:00","description":"Contacte a equipa do Detector de IA para resolver d\u00favidas sobre dete\u00e7\u00e3o de pl\u00e1gio e conte\u00fado gerado por IA. Assist\u00eancia r\u00e1pida e profissional.","breadcrumb":{"@id":"https:\/\/detectordeia.es\/pt\/contacto\/#breadcrumb"},"inLanguage":"pt-PT","potentialAction":[{"@type":"ReadAction","target":["https:\/\/detectordeia.es\/pt\/contacto\/"]}]},{"@type":"BreadcrumbList","@id":"https:\/\/detectordeia.es\/pt\/contacto\/#breadcrumb","itemListElement":[{"@type":"ListItem","position":1,"name":"Home","item":"https:\/\/detectordeia.es\/pt\/"},{"@type":"ListItem","position":2,"name":"Contacto"}]},{"@type":"WebSite","@id":"https:\/\/detectordeia.es\/#website","url":"https:\/\/detectordeia.es\/","name":"DetectordeIA.es","description":"","potentialAction":[{"@type":"SearchAction","target":{"@type":"EntryPoint","urlTemplate":"https:\/\/detectordeia.es\/?s={search_term_string}"},"query-input":{"@type":"PropertyValueSpecification","valueRequired":true,"valueName":"search_term_string"}}],"inLanguage":"pt-PT"}]}},"_links":{"self":[{"href":"https:\/\/detectordeia.es\/wp-json\/wp\/v2\/pages\/643","targetHints":{"allow":["GET"]}}],"collection":[{"href":"https:\/\/detectordeia.es\/wp-json\/wp\/v2\/pages"}],"about":[{"href":"https:\/\/detectordeia.es\/wp-json\/wp\/v2\/types\/page"}],"author":[{"embeddable":true,"href":"https:\/\/detectordeia.es\/wp-json\/wp\/v2\/users\/1"}],"replies":[{"embeddable":true,"href":"https:\/\/detectordeia.es\/wp-json\/wp\/v2\/comments?post=643"}],"version-history":[{"count":1,"href":"https:\/\/detectordeia.es\/wp-json\/wp\/v2\/pages\/643\/revisions"}],"predecessor-version":[{"id":644,"href":"https:\/\/detectordeia.es\/wp-json\/wp\/v2\/pages\/643\/revisions\/644"}],"wp:attachment":[{"href":"https:\/\/detectordeia.es\/wp-json\/wp\/v2\/media?parent=643"}],"curies":[{"name":"wp","href":"https:\/\/api.w.org\/{rel}","templated":true}]}}