{"id":651,"date":"2025-08-06T11:03:57","date_gmt":"2025-08-06T11:03:57","guid":{"rendered":"https:\/\/detectordeia.es\/?page_id=651","raw":"https:\/\/detectordeia.es\/?page_id=651"},"modified":"2025-08-06T11:03:57","modified_gmt":"2025-08-06T11:03:57","slug":"nosotros","status":"publish","type":"page","link":"https:\/\/detectordeia.es\/pt\/nosotros\/","title":{"rendered":"Sobre n\u00f3s","raw":"Sobre n\u00f3s"},"content":{"rendered":"","protected":false,"raw":""},"excerpt":{"rendered":"","protected":false,"raw":""},"author":1,"featured_media":0,"parent":0,"menu_order":0,"comment_status":"closed","ping_status":"closed","template":"","meta":{"_yoast_wpseo_title":"Sobre n\u00f3s | Detetor de IA \u2013 Inova\u00e7\u00e3o e confian\u00e7a","_yoast_wpseo_metadesc":"No Detector de IA combinamos tecnologia de ponta e experi\u00eancia para oferecer dete\u00e7\u00e3o fi\u00e1vel de pl\u00e1gio e conte\u00fado gerado por IA. Conhe\u00e7a a nossa equipa e miss\u00e3o.","_locale":"pt_PT","_original_post":"https:\/\/plagcheck.com\/?page_id=9","footnotes":""},"class_list":["post-651","page","type-page","status-publish","hentry","pt-PT"],"yoast_head":"<!-- This site is optimized with the Yoast SEO plugin v27.5 - https:\/\/yoast.com\/product\/yoast-seo-wordpress\/ -->\n<title>Sobre n\u00f3s | Detetor de IA \u2013 Inova\u00e7\u00e3o e confian\u00e7a<\/title>\n<meta name=\"description\" content=\"No Detector de IA combinamos tecnologia de ponta e experi\u00eancia para oferecer dete\u00e7\u00e3o fi\u00e1vel de pl\u00e1gio e conte\u00fado gerado por IA. Conhe\u00e7a a nossa equipa e miss\u00e3o.\" \/>\n<meta name=\"robots\" content=\"index, follow, max-snippet:-1, max-image-preview:large, max-video-preview:-1\" \/>\n<link rel=\"canonical\" href=\"https:\/\/detectordeia.es\/pt\/nosotros\/\" \/>\n<meta property=\"og:locale\" content=\"pt_PT\" \/>\n<meta property=\"og:type\" content=\"article\" \/>\n<meta property=\"og:title\" content=\"Sobre n\u00f3s | Detetor de IA \u2013 Inova\u00e7\u00e3o e confian\u00e7a\" \/>\n<meta property=\"og:description\" content=\"No Detector de IA combinamos tecnologia de ponta e experi\u00eancia para oferecer dete\u00e7\u00e3o fi\u00e1vel de pl\u00e1gio e conte\u00fado gerado por IA. Conhe\u00e7a a nossa equipa e miss\u00e3o.\" \/>\n<meta property=\"og:url\" content=\"https:\/\/detectordeia.es\/pt\/nosotros\/\" \/>\n<meta property=\"og:site_name\" content=\"DetectordeIA.es\" \/>\n<meta name=\"twitter:card\" content=\"summary_large_image\" \/>\n<!-- \/ Yoast SEO plugin. -->","yoast_head_json":{"title":"Sobre n\u00f3s | Detetor de IA \u2013 Inova\u00e7\u00e3o e confian\u00e7a","description":"No Detector de IA combinamos tecnologia de ponta e experi\u00eancia para oferecer dete\u00e7\u00e3o fi\u00e1vel de pl\u00e1gio e conte\u00fado gerado por IA. Conhe\u00e7a a nossa equipa e miss\u00e3o.","robots":{"index":"index","follow":"follow","max-snippet":"max-snippet:-1","max-image-preview":"max-image-preview:large","max-video-preview":"max-video-preview:-1"},"canonical":"https:\/\/detectordeia.es\/pt\/nosotros\/","og_locale":"pt_PT","og_type":"article","og_title":"Sobre n\u00f3s | Detetor de IA \u2013 Inova\u00e7\u00e3o e confian\u00e7a","og_description":"No Detector de IA combinamos tecnologia de ponta e experi\u00eancia para oferecer dete\u00e7\u00e3o fi\u00e1vel de pl\u00e1gio e conte\u00fado gerado por IA. Conhe\u00e7a a nossa equipa e miss\u00e3o.","og_url":"https:\/\/detectordeia.es\/pt\/nosotros\/","og_site_name":"DetectordeIA.es","twitter_card":"summary_large_image","schema":{"@context":"https:\/\/schema.org","@graph":[{"@type":"WebPage","@id":"https:\/\/detectordeia.es\/pt\/nosotros\/","url":"https:\/\/detectordeia.es\/pt\/nosotros\/","name":"Sobre n\u00f3s | Detetor de IA \u2013 Inova\u00e7\u00e3o e confian\u00e7a","isPartOf":{"@id":"https:\/\/detectordeia.es\/#website"},"datePublished":"2025-08-06T11:03:57+00:00","description":"No Detector de IA combinamos tecnologia de ponta e experi\u00eancia para oferecer dete\u00e7\u00e3o fi\u00e1vel de pl\u00e1gio e conte\u00fado gerado por IA. Conhe\u00e7a a nossa equipa e miss\u00e3o.","breadcrumb":{"@id":"https:\/\/detectordeia.es\/pt\/nosotros\/#breadcrumb"},"inLanguage":"pt-PT","potentialAction":[{"@type":"ReadAction","target":["https:\/\/detectordeia.es\/pt\/nosotros\/"]}]},{"@type":"BreadcrumbList","@id":"https:\/\/detectordeia.es\/pt\/nosotros\/#breadcrumb","itemListElement":[{"@type":"ListItem","position":1,"name":"Home","item":"https:\/\/detectordeia.es\/pt\/"},{"@type":"ListItem","position":2,"name":"Sobre n\u00f3s"}]},{"@type":"WebSite","@id":"https:\/\/detectordeia.es\/#website","url":"https:\/\/detectordeia.es\/","name":"DetectordeIA.es","description":"","potentialAction":[{"@type":"SearchAction","target":{"@type":"EntryPoint","urlTemplate":"https:\/\/detectordeia.es\/?s={search_term_string}"},"query-input":{"@type":"PropertyValueSpecification","valueRequired":true,"valueName":"search_term_string"}}],"inLanguage":"pt-PT"}]}},"_links":{"self":[{"href":"https:\/\/detectordeia.es\/wp-json\/wp\/v2\/pages\/651","targetHints":{"allow":["GET"]}}],"collection":[{"href":"https:\/\/detectordeia.es\/wp-json\/wp\/v2\/pages"}],"about":[{"href":"https:\/\/detectordeia.es\/wp-json\/wp\/v2\/types\/page"}],"author":[{"embeddable":true,"href":"https:\/\/detectordeia.es\/wp-json\/wp\/v2\/users\/1"}],"replies":[{"embeddable":true,"href":"https:\/\/detectordeia.es\/wp-json\/wp\/v2\/comments?post=651"}],"version-history":[{"count":1,"href":"https:\/\/detectordeia.es\/wp-json\/wp\/v2\/pages\/651\/revisions"}],"predecessor-version":[{"id":652,"href":"https:\/\/detectordeia.es\/wp-json\/wp\/v2\/pages\/651\/revisions\/652"}],"wp:attachment":[{"href":"https:\/\/detectordeia.es\/wp-json\/wp\/v2\/media?parent=651"}],"curies":[{"name":"wp","href":"https:\/\/api.w.org\/{rel}","templated":true}]}}